{"id":634,"date":"2018-05-15T18:03:34","date_gmt":"2018-05-15T18:03:34","guid":{"rendered":"https:\/\/mgg.chem.ucla.edu\/?page_id=634"},"modified":"2024-01-20T07:51:32","modified_gmt":"2024-01-20T07:51:32","slug":"publications-2018","status":"publish","type":"page","link":"https:\/\/mgg.chem.ucla.edu\/index.php\/publications-2018\/","title":{"rendered":"Publications 2018"},"content":{"rendered":"\n<h2 class=\"wp-block-heading\">Publications<\/h2>\n\n\n\n<h4 class=\"wp-block-heading\"><strong>2018<\/strong><\/h4>\n\n\n\n<p>(221) Park, J. H.; Chung, T. S.; Hipwell, V. M.; Rivera, E. A.;&nbsp; Garcia-Garibay, M. A. &#8220;<a href=\"https:\/\/pubs.acs.org\/doi\/abs\/10.1021\/jacs.8b03247\" target=\"_blank\" rel=\"noopener noreferrer\">Transient Kinetics and Quantum Yield Studies of Nanocrystalline a-Phenyl-Substituted Ketones: Sorting Out Reactions from Singlet and Triplet Excited States<\/a>,&#8221; <em>J. Am. Chem. Soc<\/em>. <strong>2018<\/strong>, <em><span class=\"citation_volume\">140<\/span><\/em>, 8192\u20138197<\/p>\n\n\n<div class=\"wp-block-image\">\n<figure class=\"aligncenter is-resized\"><img loading=\"lazy\" decoding=\"async\" src=\"https:\/\/mgg.chem.ucla.edu\/wp-content\/uploads\/2018\/06\/Pub-221.jpg\" alt=\"\" class=\"wp-image-834\" width=\"451\" height=\"251\" srcset=\"https:\/\/mgg.chem.ucla.edu\/wp-content\/uploads\/2018\/06\/Pub-221.jpg 1317w, https:\/\/mgg.chem.ucla.edu\/wp-content\/uploads\/2018\/06\/Pub-221-300x167.jpg 300w, https:\/\/mgg.chem.ucla.edu\/wp-content\/uploads\/2018\/06\/Pub-221-768x429.jpg 768w, https:\/\/mgg.chem.ucla.edu\/wp-content\/uploads\/2018\/06\/Pub-221-1030x575.jpg 1030w, https:\/\/mgg.chem.ucla.edu\/wp-content\/uploads\/2018\/06\/Pub-221-705x393.jpg 705w, https:\/\/mgg.chem.ucla.edu\/wp-content\/uploads\/2018\/06\/Pub-221-450x251.jpg 450w\" sizes=\"auto, (max-width: 451px) 100vw, 451px\" \/><\/figure>\n<\/div>\n\n\n<p>(220) Dotson, J. J.;&nbsp; Perez-Estrada, S.;&nbsp; Garcia-Garibay, M. A. &#8220;<a href=\"https:\/\/pubs.acs.org\/doi\/abs\/10.1021\/jacs.8b03988\" target=\"_blank\" rel=\"noopener noreferrer\">Taming Radical Pairs in Nanocrystalline Ketones: Photochemical Synthesis of Compounds with Vicinal Stereogenic All-Carbon Quaternary Centers<\/a>&#8220;, <em>J. Am. Chem. Soc<\/em>. <strong>2018<\/strong>,&nbsp; <span class=\"citation_volume\"><em>140<\/em>, <\/span>8359\u20138371<\/p>\n\n\n<div class=\"wp-block-image\">\n<figure class=\"aligncenter is-resized\"><img loading=\"lazy\" decoding=\"async\" src=\"https:\/\/mgg.chem.ucla.edu\/wp-content\/uploads\/2018\/06\/Pub-220.jpg\" alt=\"\" class=\"wp-image-833\" width=\"472\" height=\"142\" srcset=\"https:\/\/mgg.chem.ucla.edu\/wp-content\/uploads\/2018\/06\/Pub-220.jpg 1200w, https:\/\/mgg.chem.ucla.edu\/wp-content\/uploads\/2018\/06\/Pub-220-300x91.jpg 300w, https:\/\/mgg.chem.ucla.edu\/wp-content\/uploads\/2018\/06\/Pub-220-768x232.jpg 768w, https:\/\/mgg.chem.ucla.edu\/wp-content\/uploads\/2018\/06\/Pub-220-1030x312.jpg 1030w, https:\/\/mgg.chem.ucla.edu\/wp-content\/uploads\/2018\/06\/Pub-220-705x213.jpg 705w, https:\/\/mgg.chem.ucla.edu\/wp-content\/uploads\/2018\/06\/Pub-220-450x136.jpg 450w\" sizes=\"auto, (max-width: 472px) 100vw, 472px\" \/><\/figure>\n<\/div>\n\n\n<p>(219) Simonov S.; Zorina, L.; Wzietek, P. Rodr\u00edguez-Fortea, A.; Canadell, E.; M\u00e9zi\u00e8re, C.; Bastien, G.; Lemouchi, C.; Garcia-Garibay, M. A. Batail, P. \u201c<a href=\"https:\/\/pubs.acs.org\/doi\/10.1021\/acs.nanolett.8b00956\">Static Modulation Wave of Halogen-Bond Network Transduced to a Hierarchy of Change Stimuli of Crystalline Rotors Dynamics<\/a>\u201d, <em>Nano Lett<\/em>., <strong>2018<\/strong>, <em>18<\/em>, <span class=\"articlePageRange\">3780\u20133784<\/span><\/p>\n\n\n<div class=\"wp-block-image\">\n<figure class=\"aligncenter is-resized\"><img loading=\"lazy\" decoding=\"async\" src=\"https:\/\/mgg.chem.ucla.edu\/wp-content\/uploads\/2018\/05\/TOC-NanoLet-May-2018.jpg\" alt=\"\" class=\"wp-image-658\" width=\"437\" height=\"356\" srcset=\"https:\/\/mgg.chem.ucla.edu\/wp-content\/uploads\/2018\/05\/TOC-NanoLet-May-2018.jpg 1200w, https:\/\/mgg.chem.ucla.edu\/wp-content\/uploads\/2018\/05\/TOC-NanoLet-May-2018-300x244.jpg 300w, https:\/\/mgg.chem.ucla.edu\/wp-content\/uploads\/2018\/05\/TOC-NanoLet-May-2018-768x625.jpg 768w, https:\/\/mgg.chem.ucla.edu\/wp-content\/uploads\/2018\/05\/TOC-NanoLet-May-2018-1030x839.jpg 1030w, https:\/\/mgg.chem.ucla.edu\/wp-content\/uploads\/2018\/05\/TOC-NanoLet-May-2018-705x574.jpg 705w, https:\/\/mgg.chem.ucla.edu\/wp-content\/uploads\/2018\/05\/TOC-NanoLet-May-2018-450x366.jpg 450w\" sizes=\"auto, (max-width: 437px) 100vw, 437px\" \/><\/figure>\n<\/div>\n\n\n<p>(218) Breslin, V.M.; Barbour, N.A.; Dang,D.-K.; Lopez, S.A.; Garcia-Garibay, M.A., \u201c<a href=\"http:\/\/pubs.rsc.org\/en\/Content\/ArticleLanding\/2018\/PP\/C8PP00095F#!divAbstract\">Nanosecond laser flash photolysis of a 6-nitroindolinospiropyran in solution and in nanocrystalline suspension under single excitation conditions<\/a>\u201d, <em>Photochem. Photobiol. Sci.<\/em>, <strong>2018<\/strong>, <em>17<\/em>, 741 &#8211; 749.<\/p>\n\n\n<div class=\"wp-block-image\">\n<figure class=\"aligncenter is-resized\"><img loading=\"lazy\" decoding=\"async\" src=\"https:\/\/mgg.chem.ucla.edu\/wp-content\/uploads\/2018\/05\/TOC-PPS-May-2018.jpg\" alt=\"\" class=\"wp-image-660\" width=\"436\" height=\"161\" srcset=\"https:\/\/mgg.chem.ucla.edu\/wp-content\/uploads\/2018\/05\/TOC-PPS-May-2018.jpg 1200w, https:\/\/mgg.chem.ucla.edu\/wp-content\/uploads\/2018\/05\/TOC-PPS-May-2018-300x112.jpg 300w, https:\/\/mgg.chem.ucla.edu\/wp-content\/uploads\/2018\/05\/TOC-PPS-May-2018-768x285.jpg 768w, https:\/\/mgg.chem.ucla.edu\/wp-content\/uploads\/2018\/05\/TOC-PPS-May-2018-1030x383.jpg 1030w, https:\/\/mgg.chem.ucla.edu\/wp-content\/uploads\/2018\/05\/TOC-PPS-May-2018-705x262.jpg 705w, https:\/\/mgg.chem.ucla.edu\/wp-content\/uploads\/2018\/05\/TOC-PPS-May-2018-450x167.jpg 450w\" sizes=\"auto, (max-width: 436px) 100vw, 436px\" \/><\/figure>\n<\/div>","protected":false},"excerpt":{"rendered":"<p>Publications 2018 (221) Park, J. H.; Chung, T. S.; Hipwell, V. M.; Rivera, E. A.;&nbsp; Garcia-Garibay, M. A. &#8220;Transient Kinetics and Quantum Yield Studies of Nanocrystalline a-Phenyl-Substituted Ketones: Sorting Out Reactions from Singlet and Triplet Excited States,&#8221; J. Am. Chem. Soc. 2018, 140, 8192\u20138197 (220) Dotson, J. J.;&nbsp; Perez-Estrada, S.;&nbsp; Garcia-Garibay, M. A. &#8220;Taming Radical [&hellip;]<\/p>\n","protected":false},"author":6,"featured_media":0,"parent":0,"menu_order":0,"comment_status":"closed","ping_status":"closed","template":"","meta":{"footnotes":""},"class_list":["post-634","page","type-page","status-publish","hentry"],"_links":{"self":[{"href":"https:\/\/mgg.chem.ucla.edu\/index.php\/wp-json\/wp\/v2\/pages\/634","targetHints":{"allow":["GET"]}}],"collection":[{"href":"https:\/\/mgg.chem.ucla.edu\/index.php\/wp-json\/wp\/v2\/pages"}],"about":[{"href":"https:\/\/mgg.chem.ucla.edu\/index.php\/wp-json\/wp\/v2\/types\/page"}],"author":[{"embeddable":true,"href":"https:\/\/mgg.chem.ucla.edu\/index.php\/wp-json\/wp\/v2\/users\/6"}],"replies":[{"embeddable":true,"href":"https:\/\/mgg.chem.ucla.edu\/index.php\/wp-json\/wp\/v2\/comments?post=634"}],"version-history":[{"count":36,"href":"https:\/\/mgg.chem.ucla.edu\/index.php\/wp-json\/wp\/v2\/pages\/634\/revisions"}],"predecessor-version":[{"id":1933,"href":"https:\/\/mgg.chem.ucla.edu\/index.php\/wp-json\/wp\/v2\/pages\/634\/revisions\/1933"}],"wp:attachment":[{"href":"https:\/\/mgg.chem.ucla.edu\/index.php\/wp-json\/wp\/v2\/media?parent=634"}],"curies":[{"name":"wp","href":"https:\/\/api.w.org\/{rel}","templated":true}]}}