{"id":202,"date":"2017-07-06T21:09:53","date_gmt":"2017-07-06T21:09:53","guid":{"rendered":"http:\/\/mgg.chem.ucla.edu\/?page_id=202"},"modified":"2024-01-20T07:50:32","modified_gmt":"2024-01-20T07:50:32","slug":"publications-2012","status":"publish","type":"page","link":"https:\/\/mgg.chem.ucla.edu\/index.php\/publications-2012\/","title":{"rendered":"Publications 2012"},"content":{"rendered":"<h2>Publications<\/h2>\n<h4>2012<\/h4>\n<p>(180) Lo, M.K.F.; Gard, M.N.; Goldsmith, B.R.; Garcia-Garibay, M.A.; Monbouquette, H.G. <a href=\"http:\/\/pubs.acs.org\/doi\/abs\/10.1021\/la302880v?prevSearch=%255BContrib%253A%2Bgarcia-garibay%255D&amp;searchHistoryKey=\"><strong>&#8220;Synthesis and Micropatterning of Photocatalytically Reactive Self-Assembled Monolayers Covalently Linked to Si(100) Surfaces via a Si-C Bond.&#8221;<\/strong><\/a> Langmuir, 2012, 28, 16156\u201316166.<\/p>\n<p><img loading=\"lazy\" decoding=\"async\" class=\"aligncenter wp-image-667\" src=\"https:\/\/mgg.chem.ucla.edu\/wp-content\/uploads\/2018\/05\/Pub-180.jpg\" alt=\"\" width=\"490\" height=\"245\" srcset=\"https:\/\/mgg.chem.ucla.edu\/wp-content\/uploads\/2018\/05\/Pub-180.jpg 630w, https:\/\/mgg.chem.ucla.edu\/wp-content\/uploads\/2018\/05\/Pub-180-300x150.jpg 300w, https:\/\/mgg.chem.ucla.edu\/wp-content\/uploads\/2018\/05\/Pub-180-450x225.jpg 450w\" sizes=\"auto, (max-width: 490px) 100vw, 490px\" \/><\/p>\n<p>(179) Czajkowska-Szczykowska, D.; Rodriguez-Molina, B.; Maga\u00f1a-Vergara, N.E.; Santillan, R.; Morzycki, J.W.; Garcia-Garibay, M. A. <a href=\"http:\/\/pubs.acs.org\/doi\/abs\/10.1021\/jo3020402?prevSearch=%255BContrib%253A%2BGarcia-Garibay%255D&amp;searchHistoryKey=\"><strong>&#8220;Macrocyclic Molecular Rotors with Bridged Steroidal Frameworks.&#8221;<\/strong><\/a> J. Org. Chem., 2012, 77, 9970\u20139978.<\/p>\n<p><img loading=\"lazy\" decoding=\"async\" class=\"aligncenter wp-image-669\" src=\"https:\/\/mgg.chem.ucla.edu\/wp-content\/uploads\/2018\/05\/Pub-179.jpg\" alt=\"\" width=\"484\" height=\"290\" srcset=\"https:\/\/mgg.chem.ucla.edu\/wp-content\/uploads\/2018\/05\/Pub-179.jpg 1063w, https:\/\/mgg.chem.ucla.edu\/wp-content\/uploads\/2018\/05\/Pub-179-300x180.jpg 300w, https:\/\/mgg.chem.ucla.edu\/wp-content\/uploads\/2018\/05\/Pub-179-768x460.jpg 768w, https:\/\/mgg.chem.ucla.edu\/wp-content\/uploads\/2018\/05\/Pub-179-1030x617.jpg 1030w, https:\/\/mgg.chem.ucla.edu\/wp-content\/uploads\/2018\/05\/Pub-179-705x422.jpg 705w, https:\/\/mgg.chem.ucla.edu\/wp-content\/uploads\/2018\/05\/Pub-179-450x270.jpg 450w\" sizes=\"auto, (max-width: 484px) 100vw, 484px\" \/><\/p>\n<p>(178) Shiraki, S.; Vogelsberg, C.S.; Garcia-Garibay, M.A. <a href=\"http:\/\/pubs.rsc.org\/en\/content\/articlelanding\/2012\/pp\/c2pp25263e\"><strong>&#8220;Solid-state photochemistry of crystalline pyrazolines: reliable generation and reactivity control of 1,3-biradicals and their potential for the green chemistry synthesis of substituted cyclopropanes.&#8221;<\/strong><\/a> Photochem. Photobiol. Sci., 2012, 11, 1929-1937.<\/p>\n<p><img loading=\"lazy\" decoding=\"async\" class=\"aligncenter wp-image-670\" src=\"https:\/\/mgg.chem.ucla.edu\/wp-content\/uploads\/2018\/05\/pub-178.jpg\" alt=\"\" width=\"553\" height=\"247\" srcset=\"https:\/\/mgg.chem.ucla.edu\/wp-content\/uploads\/2018\/05\/pub-178.jpg 1260w, https:\/\/mgg.chem.ucla.edu\/wp-content\/uploads\/2018\/05\/pub-178-300x134.jpg 300w, https:\/\/mgg.chem.ucla.edu\/wp-content\/uploads\/2018\/05\/pub-178-768x343.jpg 768w, https:\/\/mgg.chem.ucla.edu\/wp-content\/uploads\/2018\/05\/pub-178-1030x460.jpg 1030w, https:\/\/mgg.chem.ucla.edu\/wp-content\/uploads\/2018\/05\/pub-178-705x315.jpg 705w, https:\/\/mgg.chem.ucla.edu\/wp-content\/uploads\/2018\/05\/pub-178-450x201.jpg 450w\" sizes=\"auto, (max-width: 553px) 100vw, 553px\" \/><\/p>\n<p>(177) Escalante-S\u00e1nchez, E.; Rodr\u00edguez-Molina, B.; Garcia-Garibay, M.A. <a href=\"http:\/\/pubs.acs.org\/doi\/abs\/10.1021\/jo301223q?prevSearch=garcia-garibay&amp;searchHistoryKey=\"><strong>&#8220;Towards Crystalline Molecular Rotors with Linearly Conjugated Diethynyl-Phenylene Rotators and Pentiptycene Stators.&#8221;<\/strong><\/a> J. Org. Chem., 2012, 77, 7428\u20137434.<\/p>\n<p><img loading=\"lazy\" decoding=\"async\" class=\"aligncenter wp-image-690\" src=\"https:\/\/mgg.chem.ucla.edu\/wp-content\/uploads\/2018\/05\/Pub-177.jpg\" alt=\"\" width=\"392\" height=\"256\" srcset=\"https:\/\/mgg.chem.ucla.edu\/wp-content\/uploads\/2018\/05\/Pub-177.jpg 1200w, https:\/\/mgg.chem.ucla.edu\/wp-content\/uploads\/2018\/05\/Pub-177-300x196.jpg 300w, https:\/\/mgg.chem.ucla.edu\/wp-content\/uploads\/2018\/05\/Pub-177-768x502.jpg 768w, https:\/\/mgg.chem.ucla.edu\/wp-content\/uploads\/2018\/05\/Pub-177-1030x673.jpg 1030w, https:\/\/mgg.chem.ucla.edu\/wp-content\/uploads\/2018\/05\/Pub-177-705x461.jpg 705w, https:\/\/mgg.chem.ucla.edu\/wp-content\/uploads\/2018\/05\/Pub-177-450x294.jpg 450w\" sizes=\"auto, (max-width: 392px) 100vw, 392px\" \/><\/p>\n<p>(176) Arcos-Ramos, R.; Rodriguez-Molina, B.; Romero, M.; M\u00e9ndez-Stivalet, J.M.; Ochoa, M.E.; Ram\u00edrez-Montes, P.I.; Santillan, R.; Garcia-Garibay, M.A.; Farfan, N. <a href=\"http:\/\/pubs.acs.org\/doi\/abs\/10.1021\/jo301078a?prevSearch=%255BContrib%253A%2Bgarcia-garibay%255D&amp;searchHistoryKey=\"><strong>&#8220;Synthesis and Evaluation of Molecular Rotors with Large and Bulky tert-Buthyldiphenylsilyloxy-substituted Trityl Stator.&#8221;<\/strong><\/a> J. Org. Chem., 2012, 77, 6887\u20136894.<\/p>\n<p><img loading=\"lazy\" decoding=\"async\" class=\"aligncenter wp-image-672\" src=\"https:\/\/mgg.chem.ucla.edu\/wp-content\/uploads\/2018\/05\/pub-176.jpg\" alt=\"\" width=\"561\" height=\"241\" srcset=\"https:\/\/mgg.chem.ucla.edu\/wp-content\/uploads\/2018\/05\/pub-176.jpg 1200w, https:\/\/mgg.chem.ucla.edu\/wp-content\/uploads\/2018\/05\/pub-176-300x129.jpg 300w, https:\/\/mgg.chem.ucla.edu\/wp-content\/uploads\/2018\/05\/pub-176-768x330.jpg 768w, https:\/\/mgg.chem.ucla.edu\/wp-content\/uploads\/2018\/05\/pub-176-1030x442.jpg 1030w, https:\/\/mgg.chem.ucla.edu\/wp-content\/uploads\/2018\/05\/pub-176-705x303.jpg 705w, https:\/\/mgg.chem.ucla.edu\/wp-content\/uploads\/2018\/05\/pub-176-450x193.jpg 450w\" sizes=\"auto, (max-width: 561px) 100vw, 561px\" \/><\/p>\n<p>(175) de Loera, D.; Garcia-Garibay, M.A. <a href=\"http:\/\/pubs.acs.org\/doi\/abs\/10.1021\/ol301582n\"><strong>&#8220;Efficient Aziridine Synthesis in Metastable Crystalline Phases by Photoinduced Denitrogenation of Crystalline Triazolines.&#8221;<\/strong><\/a> Org. Lett., 2012, 14, 3874\u20133877.<\/p>\n<p><img loading=\"lazy\" decoding=\"async\" class=\"aligncenter wp-image-673\" src=\"https:\/\/mgg.chem.ucla.edu\/wp-content\/uploads\/2018\/05\/Pub-175.jpg\" alt=\"\" width=\"601\" height=\"190\" srcset=\"https:\/\/mgg.chem.ucla.edu\/wp-content\/uploads\/2018\/05\/Pub-175.jpg 1200w, https:\/\/mgg.chem.ucla.edu\/wp-content\/uploads\/2018\/05\/Pub-175-300x95.jpg 300w, https:\/\/mgg.chem.ucla.edu\/wp-content\/uploads\/2018\/05\/Pub-175-768x243.jpg 768w, https:\/\/mgg.chem.ucla.edu\/wp-content\/uploads\/2018\/05\/Pub-175-1030x325.jpg 1030w, https:\/\/mgg.chem.ucla.edu\/wp-content\/uploads\/2018\/05\/Pub-175-705x223.jpg 705w, https:\/\/mgg.chem.ucla.edu\/wp-content\/uploads\/2018\/05\/Pub-175-450x142.jpg 450w\" sizes=\"auto, (max-width: 601px) 100vw, 601px\" \/><\/p>\n<p>&nbsp;<\/p>\n<p>(174) Stopin, A.; Garcia-Garibay, M. A. <a href=\"http:\/\/pubs.acs.org\/doi\/abs\/10.1021\/cg300632q\"><strong>&#8220;Crystals and Aggregates of a Molecular Tetrarotor with Multiple Trityl Embraces Derived from Tetraphenyladamantane.&#8221;<\/strong><\/a> Cryst. Growth Des., 2012, 12, 3792\u20133798.<\/p>\n<p><img loading=\"lazy\" decoding=\"async\" class=\"aligncenter wp-image-675\" src=\"https:\/\/mgg.chem.ucla.edu\/wp-content\/uploads\/2018\/05\/Pub-174_Antoine.jpg\" alt=\"\" width=\"484\" height=\"265\" srcset=\"https:\/\/mgg.chem.ucla.edu\/wp-content\/uploads\/2018\/05\/Pub-174_Antoine.jpg 1323w, https:\/\/mgg.chem.ucla.edu\/wp-content\/uploads\/2018\/05\/Pub-174_Antoine-300x164.jpg 300w, https:\/\/mgg.chem.ucla.edu\/wp-content\/uploads\/2018\/05\/Pub-174_Antoine-768x420.jpg 768w, https:\/\/mgg.chem.ucla.edu\/wp-content\/uploads\/2018\/05\/Pub-174_Antoine-1030x564.jpg 1030w, https:\/\/mgg.chem.ucla.edu\/wp-content\/uploads\/2018\/05\/Pub-174_Antoine-705x386.jpg 705w, https:\/\/mgg.chem.ucla.edu\/wp-content\/uploads\/2018\/05\/Pub-174_Antoine-450x246.jpg 450w\" sizes=\"auto, (max-width: 484px) 100vw, 484px\" \/><\/p>\n<p>(173) Morris, W.; Stevens, C. J.; Taylor, R. E.; Dybowski, C.; Yaghi, O.M.; Garcia-Garibay, M.A. <a href=\"http:\/\/pubs.acs.org\/doi\/abs\/10.1021\/jp303907p\"><strong>&#8220;NMR and X-ray Study Revealing the Rigidity of Zeolitic Imidazolate Frameworks (ZIFs).&#8221;<\/strong><\/a> J. Phys. Chem. C, 2012, 116, 13307\u201313312.<\/p>\n<p><img loading=\"lazy\" decoding=\"async\" class=\"aligncenter wp-image-676\" src=\"https:\/\/mgg.chem.ucla.edu\/wp-content\/uploads\/2018\/05\/Pub-173.jpg\" alt=\"\" width=\"531\" height=\"296\" srcset=\"https:\/\/mgg.chem.ucla.edu\/wp-content\/uploads\/2018\/05\/Pub-173.jpg 1417w, https:\/\/mgg.chem.ucla.edu\/wp-content\/uploads\/2018\/05\/Pub-173-300x167.jpg 300w, https:\/\/mgg.chem.ucla.edu\/wp-content\/uploads\/2018\/05\/Pub-173-768x429.jpg 768w, https:\/\/mgg.chem.ucla.edu\/wp-content\/uploads\/2018\/05\/Pub-173-1030x575.jpg 1030w, https:\/\/mgg.chem.ucla.edu\/wp-content\/uploads\/2018\/05\/Pub-173-705x394.jpg 705w, https:\/\/mgg.chem.ucla.edu\/wp-content\/uploads\/2018\/05\/Pub-173-450x251.jpg 450w\" sizes=\"auto, (max-width: 531px) 100vw, 531px\" \/><\/p>\n<p>(172) Garcia-Garibay, M. A. <a href=\"http:\/\/pubs.acs.org\/JACSbeta\/jvi\/issue14.html\"><strong>&#8220;Advances at the Frontiers of Photochemical Sciences.&#8221;<\/strong><\/a> J. Am. Chem. Soc., 2012, 134, 8289\u20138292.<\/p>\n<p><img loading=\"lazy\" decoding=\"async\" class=\"aligncenter wp-image-679\" src=\"https:\/\/mgg.chem.ucla.edu\/wp-content\/uploads\/2018\/05\/JACS-logo.jpg\" alt=\"\" width=\"353\" height=\"139\" srcset=\"https:\/\/mgg.chem.ucla.edu\/wp-content\/uploads\/2018\/05\/JACS-logo.jpg 900w, https:\/\/mgg.chem.ucla.edu\/wp-content\/uploads\/2018\/05\/JACS-logo-300x118.jpg 300w, https:\/\/mgg.chem.ucla.edu\/wp-content\/uploads\/2018\/05\/JACS-logo-768x302.jpg 768w, https:\/\/mgg.chem.ucla.edu\/wp-content\/uploads\/2018\/05\/JACS-logo-705x277.jpg 705w, https:\/\/mgg.chem.ucla.edu\/wp-content\/uploads\/2018\/05\/JACS-logo-450x177.jpg 450w\" sizes=\"auto, (max-width: 353px) 100vw, 353px\" \/><\/p>\n<p>(171) Lemouchi, C.; M\u00e9zi\u00e8re, C.; Zorina, L.; Simonov, S.: Rodr\u00edguez-Fortea, A.; Canadell, E,; Wzietek, P.; Auban-Senzier, P.; Pasquier, C.; Giamarchi, T.; Garcia-Garibay, M.A.; Batail, P. <a href=\"http:\/\/pubs.acs.org\/doi\/abs\/10.1021\/ja301484b\"><strong>&#8220;Design and Evaluation of a Crystalline Hybrid of Molecular Conductors and Molecular Rotors.&#8221;<\/strong><\/a>J. Am. Chem. Soc., 2012, 134, 7880\u20137891.<\/p>\n<p><img loading=\"lazy\" decoding=\"async\" class=\"aligncenter wp-image-680\" src=\"https:\/\/mgg.chem.ucla.edu\/wp-content\/uploads\/2018\/05\/Pub-171.jpg\" alt=\"\" width=\"377\" height=\"275\" srcset=\"https:\/\/mgg.chem.ucla.edu\/wp-content\/uploads\/2018\/05\/Pub-171.jpg 862w, https:\/\/mgg.chem.ucla.edu\/wp-content\/uploads\/2018\/05\/Pub-171-300x219.jpg 300w, https:\/\/mgg.chem.ucla.edu\/wp-content\/uploads\/2018\/05\/Pub-171-768x561.jpg 768w, https:\/\/mgg.chem.ucla.edu\/wp-content\/uploads\/2018\/05\/Pub-171-705x515.jpg 705w, https:\/\/mgg.chem.ucla.edu\/wp-content\/uploads\/2018\/05\/Pub-171-450x329.jpg 450w\" sizes=\"auto, (max-width: 377px) 100vw, 377px\" \/><\/p>\n<p>(170) Gard, M.N.; Zucchero, A.J.; Kuzmanich, G.; Oelsner, C.; Guldi, D.; Dreuw, A.; Bunz, U.H.F.; Garcia-Garibay, M.A. <a href=\"http:\/\/pubs.acs.org\/doi\/abs\/10.1021\/ol203321m\"><strong>&#8220;Cruciforms\u2019 Polarized Emission Confirms Disjoint Molecular Orbitals and Excited States.&#8221;<\/strong><\/a> Org. Lett., 2012, 14, 1000\u20131003.<\/p>\n<p><img loading=\"lazy\" decoding=\"async\" class=\"aligncenter wp-image-683\" src=\"https:\/\/mgg.chem.ucla.edu\/wp-content\/uploads\/2018\/05\/Graph-pub-170.jpg\" alt=\"\" width=\"575\" height=\"251\" srcset=\"https:\/\/mgg.chem.ucla.edu\/wp-content\/uploads\/2018\/05\/Graph-pub-170.jpg 1063w, https:\/\/mgg.chem.ucla.edu\/wp-content\/uploads\/2018\/05\/Graph-pub-170-300x131.jpg 300w, https:\/\/mgg.chem.ucla.edu\/wp-content\/uploads\/2018\/05\/Graph-pub-170-768x335.jpg 768w, https:\/\/mgg.chem.ucla.edu\/wp-content\/uploads\/2018\/05\/Graph-pub-170-1030x450.jpg 1030w, https:\/\/mgg.chem.ucla.edu\/wp-content\/uploads\/2018\/05\/Graph-pub-170-705x308.jpg 705w, https:\/\/mgg.chem.ucla.edu\/wp-content\/uploads\/2018\/05\/Graph-pub-170-450x196.jpg 450w\" sizes=\"auto, (max-width: 575px) 100vw, 575px\" \/><\/p>\n<p>(169) Vogelsberg, C.S.; Bracco, S.; Beretta, M.; Comotti, C.; Sozzani, P.; Garcia-Garibay, M.A. <a href=\"http:\/\/pubs.acs.org\/doi\/full\/10.1021\/jp2119263?prevSearch=garcia-garibay&amp;searchHistoryKey=\"><strong>&#8220;Dynamics of Molecular Rotors Confined in Two Dimensions: Transition from a 2D Rotational Glass to a 2D Rotational Fluid in a Periodic Mesoporous Organosilica.&#8221;<\/strong><\/a> J. Phys. Chem. B., 2012, 116, 1623\u20131632.<\/p>\n<p><img loading=\"lazy\" decoding=\"async\" class=\"aligncenter wp-image-682\" src=\"https:\/\/mgg.chem.ucla.edu\/wp-content\/uploads\/2018\/05\/Graph-for-pub-169.jpg\" alt=\"\" width=\"600\" height=\"189\" srcset=\"https:\/\/mgg.chem.ucla.edu\/wp-content\/uploads\/2018\/05\/Graph-for-pub-169.jpg 1063w, https:\/\/mgg.chem.ucla.edu\/wp-content\/uploads\/2018\/05\/Graph-for-pub-169-300x95.jpg 300w, https:\/\/mgg.chem.ucla.edu\/wp-content\/uploads\/2018\/05\/Graph-for-pub-169-768x242.jpg 768w, https:\/\/mgg.chem.ucla.edu\/wp-content\/uploads\/2018\/05\/Graph-for-pub-169-1030x325.jpg 1030w, https:\/\/mgg.chem.ucla.edu\/wp-content\/uploads\/2018\/05\/Graph-for-pub-169-705x222.jpg 705w, https:\/\/mgg.chem.ucla.edu\/wp-content\/uploads\/2018\/05\/Graph-for-pub-169-450x142.jpg 450w\" sizes=\"auto, (max-width: 600px) 100vw, 600px\" \/><\/p>\n<p>(168) Vogelsberg C S.; Garcia-Garibay, M.A. <a href=\"http:\/\/pubs.rsc.org\/en\/content\/articlelanding\/2012\/cs\/c1cs15197e\"><strong>&#8220;Crystalline molecular machines: Function, phase order, dimensionality, and composition.&#8221;<\/strong><\/a> Chem. Soc. Rev., 2012, 41, 1892-1910.<\/p>\n<p><img loading=\"lazy\" decoding=\"async\" class=\"aligncenter wp-image-689\" src=\"https:\/\/mgg.chem.ucla.edu\/wp-content\/uploads\/2018\/05\/Pub-168-2.jpg\" alt=\"\" width=\"473\" height=\"213\" srcset=\"https:\/\/mgg.chem.ucla.edu\/wp-content\/uploads\/2018\/05\/Pub-168-2.jpg 1063w, https:\/\/mgg.chem.ucla.edu\/wp-content\/uploads\/2018\/05\/Pub-168-2-300x135.jpg 300w, https:\/\/mgg.chem.ucla.edu\/wp-content\/uploads\/2018\/05\/Pub-168-2-768x345.jpg 768w, https:\/\/mgg.chem.ucla.edu\/wp-content\/uploads\/2018\/05\/Pub-168-2-1030x463.jpg 1030w, https:\/\/mgg.chem.ucla.edu\/wp-content\/uploads\/2018\/05\/Pub-168-2-705x317.jpg 705w, https:\/\/mgg.chem.ucla.edu\/wp-content\/uploads\/2018\/05\/Pub-168-2-450x202.jpg 450w\" sizes=\"auto, (max-width: 473px) 100vw, 473px\" \/><\/p>\n<p>(167) Kuzmanich, G.; Vogelsberg C. S.; Maverick, E. F.; Netto-Ferreira, J. C.: Scaiano, J. C.; Garcia-Garibay, M.A. <a href=\"http:\/\/pubs.acs.org\/doi\/abs\/10.1021\/ja2090004\"><strong>&#8220;Reaction Mechanism in Crystalline Solids: Kinetics and Conformational Dynamics of the Norrish Type II Biradicals from a-Adamantyl p-Methoxyacetophenone.&#8221;<\/strong><\/a> J. Am. Chem. Soc., 2012, 134, 1115\u20131123.<\/p>\n<p><img loading=\"lazy\" decoding=\"async\" class=\"aligncenter wp-image-688\" src=\"https:\/\/mgg.chem.ucla.edu\/wp-content\/uploads\/2018\/05\/Pub-167.jpg\" alt=\"\" width=\"526\" height=\"191\" srcset=\"https:\/\/mgg.chem.ucla.edu\/wp-content\/uploads\/2018\/05\/Pub-167.jpg 1417w, https:\/\/mgg.chem.ucla.edu\/wp-content\/uploads\/2018\/05\/Pub-167-300x109.jpg 300w, https:\/\/mgg.chem.ucla.edu\/wp-content\/uploads\/2018\/05\/Pub-167-768x279.jpg 768w, https:\/\/mgg.chem.ucla.edu\/wp-content\/uploads\/2018\/05\/Pub-167-1030x374.jpg 1030w, https:\/\/mgg.chem.ucla.edu\/wp-content\/uploads\/2018\/05\/Pub-167-705x256.jpg 705w, https:\/\/mgg.chem.ucla.edu\/wp-content\/uploads\/2018\/05\/Pub-167-450x163.jpg 450w\" sizes=\"auto, (max-width: 526px) 100vw, 526px\" \/><\/p>\n<p>&nbsp;<\/p>\n<p>(166) Doan, S.C.; Kuzmanich, G.; Gard, M. N.; Garcia-Garibay, M.A.; Schwarts, B.J. <a href=\"http:\/\/pubs.acs.org\/doi\/abs\/10.1021\/jz201360w\"><strong>&#8220;Ultrafast Spectroscopic Observation of a Quantum Chain Reaction: The Photodecarbonylation of Nanocrystalline Diphenylcyclopropenone.&#8221;<\/strong><\/a> J. Phys. Chem. Lett., 2012, 3, 81-86.<\/p>\n<p><img loading=\"lazy\" decoding=\"async\" class=\"aligncenter  wp-image-693\" src=\"https:\/\/mgg.chem.ucla.edu\/wp-content\/uploads\/2018\/05\/Pub-166.jpg\" alt=\"\" width=\"561\" height=\"236\" srcset=\"https:\/\/mgg.chem.ucla.edu\/wp-content\/uploads\/2018\/05\/Pub-166.jpg 1063w, https:\/\/mgg.chem.ucla.edu\/wp-content\/uploads\/2018\/05\/Pub-166-300x126.jpg 300w, https:\/\/mgg.chem.ucla.edu\/wp-content\/uploads\/2018\/05\/Pub-166-768x323.jpg 768w, https:\/\/mgg.chem.ucla.edu\/wp-content\/uploads\/2018\/05\/Pub-166-1030x433.jpg 1030w, https:\/\/mgg.chem.ucla.edu\/wp-content\/uploads\/2018\/05\/Pub-166-705x296.jpg 705w, https:\/\/mgg.chem.ucla.edu\/wp-content\/uploads\/2018\/05\/Pub-166-450x189.jpg 450w\" sizes=\"auto, (max-width: 561px) 100vw, 561px\" \/><\/p>\n","protected":false},"excerpt":{"rendered":"<p>Publications 2012 (180) Lo, M.K.F.; Gard, M.N.; Goldsmith, B.R.; Garcia-Garibay, M.A.; Monbouquette, H.G. &#8220;Synthesis and Micropatterning of Photocatalytically Reactive Self-Assembled Monolayers Covalently Linked to Si(100) Surfaces via a Si-C Bond.&#8221; Langmuir, 2012, 28, 16156\u201316166. (179) Czajkowska-Szczykowska, D.; Rodriguez-Molina, B.; Maga\u00f1a-Vergara, N.E.; Santillan, R.; Morzycki, J.W.; Garcia-Garibay, M. A. &#8220;Macrocyclic Molecular Rotors with Bridged Steroidal Frameworks.&#8221; [&hellip;]<\/p>\n","protected":false},"author":2,"featured_media":0,"parent":0,"menu_order":0,"comment_status":"closed","ping_status":"closed","template":"","meta":{"footnotes":""},"class_list":["post-202","page","type-page","status-publish","hentry"],"_links":{"self":[{"href":"https:\/\/mgg.chem.ucla.edu\/index.php\/wp-json\/wp\/v2\/pages\/202","targetHints":{"allow":["GET"]}}],"collection":[{"href":"https:\/\/mgg.chem.ucla.edu\/index.php\/wp-json\/wp\/v2\/pages"}],"about":[{"href":"https:\/\/mgg.chem.ucla.edu\/index.php\/wp-json\/wp\/v2\/types\/page"}],"author":[{"embeddable":true,"href":"https:\/\/mgg.chem.ucla.edu\/index.php\/wp-json\/wp\/v2\/users\/2"}],"replies":[{"embeddable":true,"href":"https:\/\/mgg.chem.ucla.edu\/index.php\/wp-json\/wp\/v2\/comments?post=202"}],"version-history":[{"count":13,"href":"https:\/\/mgg.chem.ucla.edu\/index.php\/wp-json\/wp\/v2\/pages\/202\/revisions"}],"predecessor-version":[{"id":1926,"href":"https:\/\/mgg.chem.ucla.edu\/index.php\/wp-json\/wp\/v2\/pages\/202\/revisions\/1926"}],"wp:attachment":[{"href":"https:\/\/mgg.chem.ucla.edu\/index.php\/wp-json\/wp\/v2\/media?parent=202"}],"curies":[{"name":"wp","href":"https:\/\/api.w.org\/{rel}","templated":true}]}}